{"id":1341,"date":"2017-03-13T08:21:06","date_gmt":"2017-03-13T08:21:06","guid":{"rendered":"http:\/\/izdemcelik.com\/index.php\/contact-2\/"},"modified":"2023-06-01T16:10:32","modified_gmt":"2023-06-01T13:10:32","slug":"iletisim","status":"publish","type":"page","link":"https:\/\/asildemircelik.com\/index.php\/iletisim\/","title":{"rendered":"\u0130leti\u015fim"},"content":{"rendered":"<p>[vc_row full_width=&#8221;stretch_row&#8221; content_placement=&#8221;middle&#8221; background_color=&#8221;custom_color&#8221; overlay_background=&#8221;overlay_custom_background&#8221; overlay_opacity=&#8221;90&#8243; onepage_pagination_skin=&#8221;light&#8221; onepage_title=&#8221;Contact&#8221; custom_background_color=&#8221;#000000&#8243; background_image=&#8221;3680&#8243; lg_spacing=&#8221;padding_top:334;padding_bottom:230&#8243; xs_spacing=&#8221;padding_top:200&#8243;][vc_column][vc_row_inner lg_spacing=&#8221;margin_bottom:50&#8243;][vc_column_inner width=&#8221;1\/2&#8243; sm_spacing=&#8221;margin_bottom:50&#8243;][tm_heading custom_google_font=&#8221;&#8221; google_fonts=&#8221;font_family:Poppins%3A300%2Cregular%2C500%2C600%2C700|font_style:300%20light%20regular%3A300%3Anormal&#8221; font_weight=&#8221;700&#8243; text_color=&#8221;secondary_color&#8221; text=&#8221;MERKEZ OF\u0130S&#8221; font_size=&#8221;lg:16&#8243; letter_spacing=&#8221;2px&#8221; css=&#8221;.vc_custom_1685625019887{margin-bottom: 15px !important;}&#8221; typed_list=&#8221;%5B%7B%7D%5D&#8221;][tm_heading custom_google_font=&#8221;&#8221; google_fonts=&#8221;font_family:Poppins%3A300%2Cregular%2C500%2C600%2C700|font_style:300%20light%20regular%3A300%3Anormal&#8221; text_color=&#8221;custom_color&#8221; custom_text_color=&#8221;#ffffff&#8221; text=&#8221;Ata\u015fehir Mah. 8001\/3 SK. NO:51 K:3 D:5<br \/>\n\u00c7i\u011fli &#8211; \u0130zmir&#8221; font_size=&#8221;lg:30&#8243; letter_spacing=&#8221;2px&#8221; line_height=&#8221;1.5&#8243; max_width=&#8221;430px&#8221; typed_list=&#8221;%5B%7B%7D%5D&#8221;][tm_heading custom_google_font=&#8221;&#8221; google_fonts=&#8221;font_family:Poppins%3A300%2Cregular%2C500%2C600%2C700|font_style:300%20light%20regular%3A300%3Anormal&#8221; text_color=&#8221;custom_color&#8221; custom_text_color=&#8221;#ffffff&#8221; text=&#8221;Harmandal\u0131 Depo<br \/>\nGazi Mustafa Kemal Atat\u00fcrk Mah. Dokuz Eyl\u00fcl Cad. No:63\/2-A \u00c7i\u011fli &#8211; \u0130zmir&#8221; font_size=&#8221;lg:20&#8243; letter_spacing=&#8221;2px&#8221; line_height=&#8221;1.5&#8243; max_width=&#8221;430px&#8221; typed_list=&#8221;%5B%7B%7D%5D&#8221; css=&#8221;.vc_custom_1685617768993{padding-top: 30px !important;}&#8221;][tm_heading custom_google_font=&#8221;&#8221; google_fonts=&#8221;font_family:Poppins%3A300%2Cregular%2C500%2C600%2C700|font_style:300%20light%20regular%3A300%3Anormal&#8221; text_color=&#8221;custom_color&#8221; custom_text_color=&#8221;#ffffff&#8221; text=&#8221;Bursa Depo<br \/>\n\u00c7al\u0131 Mah. D\u00f6n\u00fc\u015f Cad. No:46 Nil\u00fcfer &#8211; Bursa&#8221; font_size=&#8221;lg:20&#8243; letter_spacing=&#8221;2px&#8221; line_height=&#8221;1.5&#8243; max_width=&#8221;430px&#8221; typed_list=&#8221;%5B%7B%7D%5D&#8221; css=&#8221;.vc_custom_1685617785283{padding-top: 30px !important;}&#8221;][tm_heading custom_google_font=&#8221;&#8221; google_fonts=&#8221;font_family:Poppins%3A300%2Cregular%2C500%2C600%2C700|font_style:300%20light%20regular%3A300%3Anormal&#8221; text_color=&#8221;custom_color&#8221; custom_text_color=&#8221;#ffffff&#8221; text=&#8221;Antalya \u015eube<br \/>\nOba Mah. \u00c7elikler Sk. No: 21\/1 Be Latif Y\u0131lmaz Apt. B Blok D:9 Alanya &#8211; Antalya&#8221; font_size=&#8221;lg:20&#8243; letter_spacing=&#8221;2px&#8221; line_height=&#8221;1.5&#8243; max_width=&#8221;430px&#8221; typed_list=&#8221;%5B%7B%7D%5D&#8221; css=&#8221;.vc_custom_1685625029783{padding-top: 30px !important;}&#8221;][\/vc_column_inner][vc_column_inner width=&#8221;1\/2&#8243;][tm_heading custom_google_font=&#8221;&#8221; google_fonts=&#8221;font_family:Poppins%3A300%2Cregular%2C500%2C600%2C700|font_style:300%20light%20regular%3A300%3Anormal&#8221; font_weight=&#8221;700&#8243; text_color=&#8221;secondary_color&#8221; text=&#8221;B\u0130ZE YAZIN&#8221; font_size=&#8221;lg:16&#8243; letter_spacing=&#8221;2px&#8221; css=&#8221;.vc_custom_1640599798024{margin-bottom: 15px !important;}&#8221; typed_list=&#8221;%5B%7B%7D%5D&#8221;][tm_heading custom_google_font=&#8221;&#8221; google_fonts=&#8221;font_family:Poppins%3A300%2Cregular%2C500%2C600%2C700|font_style:300%20light%20regular%3A300%3Anormal&#8221; text_color=&#8221;custom_color&#8221; custom_text_color=&#8221;#ffffff&#8221; text=&#8221;info@asildemircelik.com<br \/>\n(+90) 232 374 13 00&#8243; font_size=&#8221;lg:30&#8243; letter_spacing=&#8221;2px&#8221; line_height=&#8221;1.5&#8243; max_width=&#8221;430px&#8221; typed_list=&#8221;%5B%7B%7D%5D&#8221;][\/vc_column_inner][\/vc_row_inner][vc_row_inner][vc_column_inner][tm_contact_form_7 id=&#8221;464&#8243; skin=&#8221;secondary&#8221;][\/vc_column_inner][\/vc_row_inner][\/vc_column][\/vc_row]<\/p>\n","protected":false},"excerpt":{"rendered":"[vc_row full_width=&#8221;stretch_row&#8221; content_placement=&#8221;middle&#8221; background_color=&#8221;custom_color&#8221; overlay_background=&#8221;overlay_custom_background&#8221; overlay_opacity=&#8221;90&#8243; onepage_pagination_skin=&#8221;light&#8221; onepage_title=&#8221;Contact&#8221; custom_background_color=&#8221;#000000&#8243; background_image=&#8221;3680&#8243; lg_spacing=&#8221;padding_top:334;padding_bottom:230&#8243; xs_spacing=&#8221;padding_top:200&#8243;][vc_column][vc_row_inner lg_spacing=&#8221;margin_bottom:50&#8243;][vc_column_inner width=&#8221;1\/2&#8243; sm_spacing=&#8221;margin_bottom:50&#8243;][tm_heading custom_google_font=&#8221;&#8221; google_fonts=&#8221;font_family:Poppins%3A300%2Cregular%2C500%2C600%2C700|font_style:300%20light%20regular%3A300%3Anormal&#8221; font_weight=&#8221;700&#8243; text_color=&#8221;secondary_color&#8221; text=&#8221;MERKEZ OF\u0130S&#8221; font_size=&#8221;lg:16&#8243; letter_spacing=&#8221;2px&#8221; css=&#8221;.vc_custom_1685625019887{margin-bottom: 15px !important;}&#8221; typed_list=&#8221;%5B%7B%7D%5D&#8221;][tm_heading custom_google_font=&#8221;&#8221; google_fonts=&#8221;font_family:Poppins%3A300%2Cregular%2C500%2C600%2C700|font_style:300%20light%20regular%3A300%3Anormal&#8221; text_color=&#8221;custom_color&#8221; custom_text_color=&#8221;#ffffff&#8221; text=&#8221;Ata\u015fehir Mah. 8001\/3 SK. NO:51 K:3 D:5 \u00c7i\u011fli &#8211; \u0130zmir&#8221; font_size=&#8221;lg:30&#8243; letter_spacing=&#8221;2px&#8221; line_height=&#8221;1.5&#8243; max_width=&#8221;430px&#8221; typed_list=&#8221;%5B%7B%7D%5D&#8221;][tm_heading custom_google_font=&#8221;&#8221; google_fonts=&#8221;font_family:Poppins%3A300%2Cregular%2C500%2C600%2C700|font_style:300%20light%20regular%3A300%3Anormal&#8221; text_color=&#8221;custom_color&#8221; custom_text_color=&#8221;#ffffff&#8221; text=&#8221;Harmandal\u0131 Depo Gazi Mustafa Kemal Atat\u00fcrk Mah. Dokuz Eyl\u00fcl Cad. No:63\/2-A \u00c7i\u011fli &#8211; \u0130zmir&#8221; font_size=&#8221;lg:20&#8243; letter_spacing=&#8221;2px&#8221; line_height=&#8221;1.5&#8243; max_width=&#8221;430px&#8221; typed_list=&#8221;%5B%7B%7D%5D&#8221; css=&#8221;.vc_custom_1685617768993{padding-top: 30px !important;}&#8221;][tm_heading custom_google_font=&#8221;&#8221; google_fonts=&#8221;font_family:Poppins%3A300%2Cregular%2C500%2C600%2C700|font_style:300%20light%20regular%3A300%3Anormal&#8221; text_color=&#8221;custom_color&#8221; custom_text_color=&#8221;#ffffff&#8221; text=&#8221;Bursa Depo \u00c7al\u0131 Mah. D\u00f6n\u00fc\u015f Cad. No:46 Nil\u00fcfer &#8211; Bursa&#8221; font_size=&#8221;lg:20&#8243; letter_spacing=&#8221;2px&#8221; line_height=&#8221;1.5&#8243; max_width=&#8221;430px&#8221; typed_list=&#8221;%5B%7B%7D%5D&#8221; css=&#8221;.vc_custom_1685617785283{padding-top: 30px !important;}&#8221;][tm_heading custom_google_font=&#8221;&#8221; google_fonts=&#8221;font_family:Poppins%3A300%2Cregular%2C500%2C600%2C700|font_style:300%20light%20regular%3A300%3Anormal&#8221; text_color=&#8221;custom_color&#8221; custom_text_color=&#8221;#ffffff&#8221; text=&#8221;Antalya \u015eube Oba Mah. \u00c7elikler Sk. No: 21\/1 Be Latif Y\u0131lmaz Apt. B Blok D:9 Alanya &#8211; Antalya&#8221; font_size=&#8221;lg:20&#8243; letter_spacing=&#8221;2px&#8221; line_height=&#8221;1.5&#8243; max_width=&#8221;430px&#8221; typed_list=&#8221;%5B%7B%7D%5D&#8221; css=&#8221;.vc_custom_1685625029783{padding-top: 30px !important;}&#8221;][\/vc_column_inner][vc_column_inner width=&#8221;1\/2&#8243;][tm_heading custom_google_font=&#8221;&#8221; google_fonts=&#8221;font_family:Poppins%3A300%2Cregular%2C500%2C600%2C700|font_style:300%20light%20regular%3A300%3Anormal&#8221; font_weight=&#8221;700&#8243; text_color=&#8221;secondary_color&#8221; text=&#8221;B\u0130ZE YAZIN&#8221; font_size=&#8221;lg:16&#8243; letter_spacing=&#8221;2px&#8221; css=&#8221;.vc_custom_1640599798024{margin-bottom: 15px !important;}&#8221; typed_list=&#8221;%5B%7B%7D%5D&#8221;][tm_heading custom_google_font=&#8221;&#8221; google_fonts=&#8221;font_family:Poppins%3A300%2Cregular%2C500%2C600%2C700|font_style:300%20light%20regular%3A300%3Anormal&#8221; text_color=&#8221;custom_color&#8221; custom_text_color=&#8221;#ffffff&#8221; text=&#8221;info@asildemircelik.com (+90) 232 374 13 00&#8243; font_size=&#8221;lg:30&#8243; letter_spacing=&#8221;2px&#8221; line_height=&#8221;1.5&#8243; max_width=&#8221;430px&#8221; typed_list=&#8221;%5B%7B%7D%5D&#8221;][\/vc_column_inner][\/vc_row_inner][vc_row_inner][vc_column_inner][tm_contact_form_7 id=&#8221;464&#8243; skin=&#8221;secondary&#8221;][\/vc_column_inner][\/vc_row_inner][\/vc_column][\/vc_row]","protected":false},"author":1,"featured_media":0,"parent":0,"menu_order":0,"comment_status":"closed","ping_status":"closed","template":"","meta":{"footnotes":""},"class_list":["post-1341","page","type-page","status-publish","hentry"],"_links":{"self":[{"href":"https:\/\/asildemircelik.com\/index.php\/wp-json\/wp\/v2\/pages\/1341","targetHints":{"allow":["GET"]}}],"collection":[{"href":"https:\/\/asildemircelik.com\/index.php\/wp-json\/wp\/v2\/pages"}],"about":[{"href":"https:\/\/asildemircelik.com\/index.php\/wp-json\/wp\/v2\/types\/page"}],"author":[{"embeddable":true,"href":"https:\/\/asildemircelik.com\/index.php\/wp-json\/wp\/v2\/users\/1"}],"replies":[{"embeddable":true,"href":"https:\/\/asildemircelik.com\/index.php\/wp-json\/wp\/v2\/comments?post=1341"}],"version-history":[{"count":11,"href":"https:\/\/asildemircelik.com\/index.php\/wp-json\/wp\/v2\/pages\/1341\/revisions"}],"predecessor-version":[{"id":3872,"href":"https:\/\/asildemircelik.com\/index.php\/wp-json\/wp\/v2\/pages\/1341\/revisions\/3872"}],"wp:attachment":[{"href":"https:\/\/asildemircelik.com\/index.php\/wp-json\/wp\/v2\/media?parent=1341"}],"curies":[{"name":"wp","href":"https:\/\/api.w.org\/{rel}","templated":true}]}}