{"id":1358,"date":"2017-03-14T02:49:48","date_gmt":"2017-03-14T02:49:48","guid":{"rendered":"http:\/\/izdemcelik.com\/index.php\/about-me-2\/"},"modified":"2021-12-28T14:55:27","modified_gmt":"2021-12-28T11:55:27","slug":"referanslar","status":"publish","type":"page","link":"https:\/\/asildemircelik.com\/index.php\/referanslar\/","title":{"rendered":"Referanslar"},"content":{"rendered":"<p>[vc_row full_width=&#8221;stretch_row&#8221; overlay_background=&#8221;primary&#8221; overlay_opacity=&#8221;75&#8243; background_image=&#8221;3680&#8243; lg_spacing=&#8221;padding_top:300&#8243; xs_spacing=&#8221;padding_top:120&#8243; sm_spacing=&#8221;padding_top:150&#8243;][vc_column][tm_heading custom_google_font=&#8221;&#8221; google_fonts=&#8221;font_family:Poppins%3A300%2Cregular%2C500%2C600%2C700|font_style:300%20light%20regular%3A300%3Anormal&#8221; font_weight=&#8221;700&#8243; align=&#8221;center&#8221; text_color=&#8221;secondary_color&#8221; text=&#8221;REFERANSLAR&#8221; font_size=&#8221;lg:16&#8243; letter_spacing=&#8221;2px&#8221; typed_list=&#8221;%5B%7B%7D%5D&#8221;][vc_empty_space height=&#8221;20&#8243;][tm_heading custom_google_font=&#8221;&#8221; google_fonts=&#8221;font_family:Poppins%3A300%2Cregular%2C500%2C600%2C700|font_style:300%20light%20regular%3A300%3Anormal&#8221; font_weight=&#8221;700&#8243; align=&#8221;center&#8221; text_color=&#8221;custom_color&#8221; custom_text_color=&#8221;#ffffff&#8221; text=&#8221;Referanslar\u0131m\u0131zla ilgili bilgi almak i\u00e7in l\u00fctfen bizi aray\u0131n\u0131z.&#8221; font_size=&#8221;xs:15;sm:25;md:30;lg:40&#8243; line_height=&#8221;1&#8243; typed_list=&#8221;%5B%7B%7D%5D&#8221;][vc_empty_space height=&#8221;10&#8243;][tm_heading custom_google_font=&#8221;1&#8243; google_fonts=&#8221;font_family:Playfair%20Display%3Aregular%2Citalic%2C700%2C700italic%2C900%2C900italic|font_style:400%20regular%3A400%3Anormal&#8221; font_style=&#8221;italic&#8221; align=&#8221;center&#8221; text_color=&#8221;custom_color&#8221; custom_text_color=&#8221;#ffffff&#8221; text=&#8221;Her zaman daha iyisi..&#8221; font_size=&#8221;lg:30&#8243; typed_list=&#8221;%5B%7B%7D%5D&#8221;][vc_empty_space height=&#8221;500&#8243;][\/vc_column][\/vc_row]<\/p>\n","protected":false},"excerpt":{"rendered":"[vc_row full_width=&#8221;stretch_row&#8221; overlay_background=&#8221;primary&#8221; overlay_opacity=&#8221;75&#8243; background_image=&#8221;3680&#8243; lg_spacing=&#8221;padding_top:300&#8243; xs_spacing=&#8221;padding_top:120&#8243; sm_spacing=&#8221;padding_top:150&#8243;][vc_column][tm_heading custom_google_font=&#8221;&#8221; google_fonts=&#8221;font_family:Poppins%3A300%2Cregular%2C500%2C600%2C700|font_style:300%20light%20regular%3A300%3Anormal&#8221; font_weight=&#8221;700&#8243; align=&#8221;center&#8221; text_color=&#8221;secondary_color&#8221; text=&#8221;REFERANSLAR&#8221; font_size=&#8221;lg:16&#8243; letter_spacing=&#8221;2px&#8221; typed_list=&#8221;%5B%7B%7D%5D&#8221;][vc_empty_space height=&#8221;20&#8243;][tm_heading custom_google_font=&#8221;&#8221; google_fonts=&#8221;font_family:Poppins%3A300%2Cregular%2C500%2C600%2C700|font_style:300%20light%20regular%3A300%3Anormal&#8221; font_weight=&#8221;700&#8243; align=&#8221;center&#8221; text_color=&#8221;custom_color&#8221; custom_text_color=&#8221;#ffffff&#8221; text=&#8221;Referanslar\u0131m\u0131zla ilgili bilgi almak i\u00e7in l\u00fctfen bizi aray\u0131n\u0131z.&#8221; font_size=&#8221;xs:15;sm:25;md:30;lg:40&#8243; line_height=&#8221;1&#8243; typed_list=&#8221;%5B%7B%7D%5D&#8221;][vc_empty_space height=&#8221;10&#8243;][tm_heading custom_google_font=&#8221;1&#8243; google_fonts=&#8221;font_family:Playfair%20Display%3Aregular%2Citalic%2C700%2C700italic%2C900%2C900italic|font_style:400%20regular%3A400%3Anormal&#8221; font_style=&#8221;italic&#8221; align=&#8221;center&#8221; text_color=&#8221;custom_color&#8221; custom_text_color=&#8221;#ffffff&#8221; text=&#8221;Her zaman daha iyisi..&#8221; font_size=&#8221;lg:30&#8243; typed_list=&#8221;%5B%7B%7D%5D&#8221;][vc_empty_space height=&#8221;500&#8243;][\/vc_column][\/vc_row]","protected":false},"author":1,"featured_media":0,"parent":0,"menu_order":0,"comment_status":"closed","ping_status":"closed","template":"","meta":{"footnotes":""},"class_list":["post-1358","page","type-page","status-publish","hentry"],"_links":{"self":[{"href":"https:\/\/asildemircelik.com\/index.php\/wp-json\/wp\/v2\/pages\/1358","targetHints":{"allow":["GET"]}}],"collection":[{"href":"https:\/\/asildemircelik.com\/index.php\/wp-json\/wp\/v2\/pages"}],"about":[{"href":"https:\/\/asildemircelik.com\/index.php\/wp-json\/wp\/v2\/types\/page"}],"author":[{"embeddable":true,"href":"https:\/\/asildemircelik.com\/index.php\/wp-json\/wp\/v2\/users\/1"}],"replies":[{"embeddable":true,"href":"https:\/\/asildemircelik.com\/index.php\/wp-json\/wp\/v2\/comments?post=1358"}],"version-history":[{"count":9,"href":"https:\/\/asildemircelik.com\/index.php\/wp-json\/wp\/v2\/pages\/1358\/revisions"}],"predecessor-version":[{"id":3795,"href":"https:\/\/asildemircelik.com\/index.php\/wp-json\/wp\/v2\/pages\/1358\/revisions\/3795"}],"wp:attachment":[{"href":"https:\/\/asildemircelik.com\/index.php\/wp-json\/wp\/v2\/media?parent=1358"}],"curies":[{"name":"wp","href":"https:\/\/api.w.org\/{rel}","templated":true}]}}